{"id":19,"date":"2017-02-16T17:47:18","date_gmt":"2017-02-16T17:47:18","guid":{"rendered":"http:\/\/localhost\/_others\/elegal_wp\/?page_id=19"},"modified":"2021-10-25T18:05:25","modified_gmt":"2021-10-25T15:05:25","slug":"anasayfa","status":"publish","type":"page","link":"http:\/\/elerlegal.com\/?page_id=19&lang=tr","title":{"rendered":"ELER LEGAL HUKUK B\u00dcROSU"},"content":{"rendered":"\n<p class=\"has-text-align-center has-black-color has-text-color\"><strong>\u0130stanbul Maltepe&#8217;de kurulu ofisimizde fikri ve s\u0131nai m\u00fclkiyet hukuku \u00fczerine dan\u0131\u015fmanl\u0131k ve dava takip hizmetleri vermekteyiz.  <\/strong><\/p>\n","protected":false},"excerpt":{"rendered":"<p>\u0130stanbul Maltepe&#8217;de kurulu ofisimizde fikri ve s\u0131nai m\u00fclkiyet hukuku \u00fczerine dan\u0131\u015fmanl\u0131k ve dava takip hizmetleri vermekteyiz.<\/p>\n","protected":false},"author":1,"featured_media":0,"parent":0,"menu_order":0,"comment_status":"closed","ping_status":"closed","template":"","meta":[],"_links":{"self":[{"href":"http:\/\/elerlegal.com\/index.php?rest_route=\/wp\/v2\/pages\/19"}],"collection":[{"href":"http:\/\/elerlegal.com\/index.php?rest_route=\/wp\/v2\/pages"}],"about":[{"href":"http:\/\/elerlegal.com\/index.php?rest_route=\/wp\/v2\/types\/page"}],"author":[{"embeddable":true,"href":"http:\/\/elerlegal.com\/index.php?rest_route=\/wp\/v2\/users\/1"}],"replies":[{"embeddable":true,"href":"http:\/\/elerlegal.com\/index.php?rest_route=%2Fwp%2Fv2%2Fcomments&post=19"}],"version-history":[{"count":6,"href":"http:\/\/elerlegal.com\/index.php?rest_route=\/wp\/v2\/pages\/19\/revisions"}],"predecessor-version":[{"id":658,"href":"http:\/\/elerlegal.com\/index.php?rest_route=\/wp\/v2\/pages\/19\/revisions\/658"}],"wp:attachment":[{"href":"http:\/\/elerlegal.com\/index.php?rest_route=%2Fwp%2Fv2%2Fmedia&parent=19"}],"curies":[{"name":"wp","href":"https:\/\/api.w.org\/{rel}","templated":true}]}}